{"id":875,"date":"2019-01-19T03:07:39","date_gmt":"2019-01-19T02:07:39","guid":{"rendered":"http:\/\/demo.ovathemes.com\/muzze\/?page_id=875"},"modified":"2020-09-05T09:15:46","modified_gmt":"2020-09-05T07:15:46","slug":"blog","status":"publish","type":"page","link":"https:\/\/emaille-art.com\/en\/blog\/","title":{"rendered":"Blog"},"content":{"rendered":"<div data-elementor-type=\"wp-page\" data-elementor-id=\"875\" class=\"elementor elementor-875\" data-elementor-settings=\"[]\">\n\t\t\t\t\t\t<div class=\"elementor-inner\">\n\t\t\t\t\t\t\t<div class=\"elementor-section-wrap\">\n\t\t\t\t\t\t\t<section class=\"elementor-section elementor-top-section elementor-element elementor-element-6a66d7 elementor-section-full_width elementor-section-height-default elementor-section-height-default\" data-id=\"6a66d7\" data-element_type=\"section\">\n\t\t\t\t\t\t<div class=\"elementor-container elementor-column-gap-default\">\n\t\t\t\t\t\t\t<div class=\"elementor-row\">\n\t\t\t\t\t<div class=\"elementor-column elementor-col-100 elementor-top-column elementor-element elementor-element-464d4f85\" data-id=\"464d4f85\" data-element_type=\"column\" data-settings=\"{&quot;background_background&quot;:&quot;classic&quot;}\">\n\t\t\t<div class=\"elementor-column-wrap elementor-element-populated\">\n\t\t\t\t\t\t\t<div class=\"elementor-widget-wrap\">\n\t\t\t\t\t\t<div class=\"elementor-element elementor-element-52172e50 elementor-widget elementor-widget-ova_heading_page\" data-id=\"52172e50\" data-element_type=\"widget\" data-widget_type=\"ova_heading_page.default\">\n\t\t\t\t<div class=\"elementor-widget-container\">\n\t\t\t\n\t\t<section class=\"heading-page\" style=\"background-image: url(http:\/\/emaille-art.com\/wp-content\/uploads\/2020\/06\/banner-blog.jpg)\" >\n\t\t\t<div class=\"container\">\n\t\t\t\t<div class=\"cta-content\">\n\t\t\t\t\t\t\t\t\t\t\t<h2 class=\"second_font\">Blog<\/h2>\n\t\t\t\t\t\t\t\t\t\t\n\t\t\t\t<\/div>\n\t\t\t<\/div>\n\t\t<\/section>\n\n\t\t\t<\/div>\n\t\t\t\t<\/div>\n\t\t\t\t\t\t<\/div>\n\t\t\t\t\t<\/div>\n\t\t<\/div>\n\t\t\t\t\t\t\t\t<\/div>\n\t\t\t\t\t<\/div>\n\t\t<\/section>\n\t\t\t\t<section class=\"elementor-section elementor-top-section elementor-element elementor-element-dd40423 elementor-section-boxed elementor-section-height-default elementor-section-height-default\" data-id=\"dd40423\" data-element_type=\"section\">\n\t\t\t\t\t\t<div class=\"elementor-container elementor-column-gap-default\">\n\t\t\t\t\t\t\t<div class=\"elementor-row\">\n\t\t\t\t\t<div class=\"elementor-column elementor-col-100 elementor-top-column elementor-element elementor-element-02aa2ac\" data-id=\"02aa2ac\" data-element_type=\"column\">\n\t\t\t<div class=\"elementor-column-wrap elementor-element-populated\">\n\t\t\t\t\t\t\t<div class=\"elementor-widget-wrap\">\n\t\t\t\t\t\t<div class=\"elementor-element elementor-element-5dd78d3 elementor-widget elementor-widget-spacer\" data-id=\"5dd78d3\" data-element_type=\"widget\" data-widget_type=\"spacer.default\">\n\t\t\t\t<div class=\"elementor-widget-container\">\n\t\t\t\t\t<div class=\"elementor-spacer\">\n\t\t\t<div class=\"elementor-spacer-inner\"><\/div>\n\t\t<\/div>\n\t\t\t\t<\/div>\n\t\t\t\t<\/div>\n\t\t\t\t\t\t<\/div>\n\t\t\t\t\t<\/div>\n\t\t<\/div>\n\t\t\t\t\t\t\t\t<\/div>\n\t\t\t\t\t<\/div>\n\t\t<\/section>\n\t\t\t\t<section class=\"elementor-section elementor-top-section elementor-element elementor-element-9fbe8a1 elementor-section-boxed elementor-section-height-default elementor-section-height-default\" data-id=\"9fbe8a1\" data-element_type=\"section\">\n\t\t\t\t\t\t<div class=\"elementor-container elementor-column-gap-default\">\n\t\t\t\t\t\t\t<div class=\"elementor-row\">\n\t\t\t\t\t<div class=\"elementor-column elementor-col-100 elementor-top-column elementor-element elementor-element-da6a6b4\" data-id=\"da6a6b4\" data-element_type=\"column\">\n\t\t\t<div class=\"elementor-column-wrap elementor-element-populated\">\n\t\t\t\t\t\t\t<div class=\"elementor-widget-wrap\">\n\t\t\t\t\t\t<div class=\"elementor-element elementor-element-ce3c891 elementor-widget elementor-widget-text-editor\" data-id=\"ce3c891\" data-element_type=\"widget\" data-widget_type=\"text-editor.default\">\n\t\t\t\t<div class=\"elementor-widget-container\">\n\t\t\t\t\t\t\t\t<div class=\"elementor-text-editor elementor-clearfix\">\n\t\t\t\t<p>\u00a0<\/p><p>\u00a0<\/p>\t\t\t\t\t<\/div>\n\t\t\t\t\t\t<\/div>\n\t\t\t\t<\/div>\n\t\t\t\t\t\t<\/div>\n\t\t\t\t\t<\/div>\n\t\t<\/div>\n\t\t\t\t\t\t\t\t<\/div>\n\t\t\t\t\t<\/div>\n\t\t<\/section>\n\t\t\t\t<section class=\"elementor-section elementor-top-section elementor-element elementor-element-027d14b elementor-section-boxed elementor-section-height-default elementor-section-height-default\" data-id=\"027d14b\" data-element_type=\"section\">\n\t\t\t\t\t\t<div class=\"elementor-container elementor-column-gap-default\">\n\t\t\t\t\t\t\t<div class=\"elementor-row\">\n\t\t\t\t\t<div class=\"elementor-column elementor-col-100 elementor-top-column elementor-element elementor-element-a96225a\" data-id=\"a96225a\" data-element_type=\"column\">\n\t\t\t<div class=\"elementor-column-wrap elementor-element-populated\">\n\t\t\t\t\t\t\t<div class=\"elementor-widget-wrap\">\n\t\t\t\t\t\t<div class=\"elementor-element elementor-element-da3226f elementor-widget elementor-widget-ova_blog\" data-id=\"da3226f\" data-element_type=\"widget\" data-widget_type=\"ova_blog.default\">\n\t\t\t\t<div class=\"elementor-widget-container\">\n\t\t\t\t\t<div class=\"ova-blog\">\n\t\t\t\t\t\t\t<article class=\"blog-content\">\n\t\t\t\t\t<div class=\"post-media\" style=\"background-image: url(https:\/\/emaille-art.com\/wp-content\/uploads\/2020\/09\/Fioritura-diag-extra-shine-1000x1000px.jpg)\">\n\n\t\t\t        <\/div>\n\t\t\t        <div class=\"post-content\">\n\t\t\t        \t\t\t\t\t\t\t\t\t\t\t\t\t<div class=\"post-title\">\n\t\t\t\t\t\t\t<h2 class=\"title\">\n\t\t\t\t\t\t\t\t<a href=\"https:\/\/emaille-art.com\/en\/2021\/08\/01\/emailschilder\/\">Bringing \u201cFioritura\u201d to life and lighting it up \u2013 a journey through historical printing techniques<\/a>\n\t\t\t\t\t\t\t<\/h2>\n\t\t\t\t\t    <\/div>\n\t\t\t\t\t    \t\t\t\t\t    \t\t\t\t        <div class=\"post-body\">\n\t\t\t\t\t    \t<div class=\"post-excerpt\">\n\t\t\t\t\t            <p>Wer einmal durch einen Blumengarten in voller Bl\u00fcte bei Nacht spaziert ist, versteht sofort die Faszination von Ali Lanengas \u201e Fioritura \u201c<\/p>\n\t\t\t\t\t        <\/div>\n\t\t\t\t\t    <\/div>\n\t\t\t\t\t    \t\t\t\t\t    \t\t\t\t\t    <div class=\"post-readmore\">\n\t\t\t\t\t\t\t<a href=\"https:\/\/emaille-art.com\/en\/2021\/08\/01\/emailschilder\/\">Read more<\/a>\n\t\t\t\t\t    <\/div>\n\t\t\t\t\t    \t\t\t        <\/div>\n\t\t\t\t<\/article>\n\t\t\t\t\n\t\t\t\t\t\t\t<article class=\"blog-content\">\n\t\t\t\t\t<div class=\"post-media\" style=\"background-image: url(https:\/\/emaille-art.com\/wp-content\/uploads\/2020\/12\/Salimbeni-worker-cropped-1000x1000px-1.jpg)\">\n\n\t\t\t        <\/div>\n\t\t\t        <div class=\"post-content\">\n\t\t\t        \t\t\t\t\t\t\t\t\t\t\t\t\t<div class=\"post-title\">\n\t\t\t\t\t\t\t<h2 class=\"title\">\n\t\t\t\t\t\t\t\t<a href=\"https:\/\/emaille-art.com\/en\/2020\/12\/22\/handwerkskunst-salimbeni\/\">True Craftsmanship \u2013 the recipe for mastering the crisis<\/a>\n\t\t\t\t\t\t\t<\/h2>\n\t\t\t\t\t    <\/div>\n\t\t\t\t\t    \t\t\t\t\t    \t\t\t\t        <div class=\"post-body\">\n\t\t\t\t\t    \t<div class=\"post-excerpt\">\n\t\t\t\t\t            <p>Interview with Giorgio Salimbeni about digitalisation, crises and the changing market for luxury accessories and high-end enameled silverware.<\/p>\n\t\t\t\t\t        <\/div>\n\t\t\t\t\t    <\/div>\n\t\t\t\t\t    \t\t\t\t\t    \t\t\t\t\t    <div class=\"post-readmore\">\n\t\t\t\t\t\t\t<a href=\"https:\/\/emaille-art.com\/en\/2020\/12\/22\/handwerkskunst-salimbeni\/\">Read more<\/a>\n\t\t\t\t\t    <\/div>\n\t\t\t\t\t    \t\t\t        <\/div>\n\t\t\t\t<\/article>\n\t\t\t\t\n\t\t\t\t\t\t\t<article class=\"blog-content\">\n\t\t\t\t\t<div class=\"post-media\" style=\"background-image: url(https:\/\/emaille-art.com\/wp-content\/uploads\/2020\/09\/Emailleschild_Kunsttafel_Frigor_1600x1143.jpg)\">\n\n\t\t\t        <\/div>\n\t\t\t        <div class=\"post-content\">\n\t\t\t        \t\t\t\t\t\t\t\t\t\t\t\t\t<div class=\"post-title\">\n\t\t\t\t\t\t\t<h2 class=\"title\">\n\t\t\t\t\t\t\t\t<a href=\"https:\/\/emaille-art.com\/en\/2020\/09\/02\/emailleschilder-vom-wandbeschlag-zur-emaillekunsttafel-und-zum-investitionsobjekt_3\/\">Enamel Signs \u2013 from ubiquitous wall-signs, to elegant works of art and now an art investment<\/a>\n\t\t\t\t\t\t\t<\/h2>\n\t\t\t\t\t    <\/div>\n\t\t\t\t\t    \t\t\t\t\t    \t\t\t\t        <div class=\"post-body\">\n\t\t\t\t\t    \t<div class=\"post-excerpt\">\n\t\t\t\t\t            <p>The enamel sign Chocolat Cailler Frigor by Leonetto Cappiello sold for the all time record price of EUR 100.000. How does the collector\u2019s market for enamel signs work?<\/p>\n\t\t\t\t\t        <\/div>\n\t\t\t\t\t    <\/div>\n\t\t\t\t\t    \t\t\t\t\t    \t\t\t\t\t    <div class=\"post-readmore\">\n\t\t\t\t\t\t\t<a href=\"https:\/\/emaille-art.com\/en\/2020\/09\/02\/emailleschilder-vom-wandbeschlag-zur-emaillekunsttafel-und-zum-investitionsobjekt_3\/\">Read more<\/a>\n\t\t\t\t\t    <\/div>\n\t\t\t\t\t    \t\t\t        <\/div>\n\t\t\t\t<\/article>\n\t\t\t\t\n\t\t\t\t\t<\/div>\n\t\t\t\t<\/div>\n\t\t\t\t<\/div>\n\t\t\t\t\t\t<\/div>\n\t\t\t\t\t<\/div>\n\t\t<\/div>\n\t\t\t\t\t\t\t\t<\/div>\n\t\t\t\t\t<\/div>\n\t\t<\/section>\n\t\t\t\t<section class=\"elementor-section elementor-top-section elementor-element elementor-element-41dd32f elementor-section-boxed elementor-section-height-default elementor-section-height-default\" data-id=\"41dd32f\" data-element_type=\"section\">\n\t\t\t\t\t\t<div class=\"elementor-container elementor-column-gap-default\">\n\t\t\t\t\t\t\t<div class=\"elementor-row\">\n\t\t\t\t\t<div class=\"elementor-column elementor-col-100 elementor-top-column elementor-element elementor-element-e5716f2\" data-id=\"e5716f2\" data-element_type=\"column\">\n\t\t\t<div class=\"elementor-column-wrap elementor-element-populated\">\n\t\t\t\t\t\t\t<div class=\"elementor-widget-wrap\">\n\t\t\t\t\t\t<div class=\"elementor-element elementor-element-dd56fd9 elementor-widget elementor-widget-spacer\" data-id=\"dd56fd9\" data-element_type=\"widget\" data-widget_type=\"spacer.default\">\n\t\t\t\t<div class=\"elementor-widget-container\">\n\t\t\t\t\t<div class=\"elementor-spacer\">\n\t\t\t<div class=\"elementor-spacer-inner\"><\/div>\n\t\t<\/div>\n\t\t\t\t<\/div>\n\t\t\t\t<\/div>\n\t\t\t\t\t\t<\/div>\n\t\t\t\t\t<\/div>\n\t\t<\/div>\n\t\t\t\t\t\t\t\t<\/div>\n\t\t\t\t\t<\/div>\n\t\t<\/section>\n\t\t\t\t\t\t<\/div>\n\t\t\t\t\t\t<\/div>\n\t\t\t\t\t<\/div>","protected":false},"excerpt":{"rendered":"<p>Blog \u00a0 \u00a0 Emailleschilder \u2013 vom Wandbeschlag zur Emaillekunsttafel und zum Investitionsobjekt Bei der letzten, gr\u00f6\u00dften Auktion f\u00fcr antike Emailleschilder erhielt das gro\u00dfe Schild von Chocolat Cailler Frigor von Leonetto Cappiello den Zuschlag f\u00fcr EUR 84.000, Read more Emailleschilder \u2013 vom Wandbeschlag zur Emaillekunsttafel und zum Investitionsobjekt Das Emailleschild Chocolat Cailler Frigor von Leonetto Cappiello [&hellip;]<\/p>","protected":false},"author":1,"featured_media":0,"parent":0,"menu_order":78,"comment_status":"closed","ping_status":"closed","template":"elementor_header_footer","meta":[],"_links":{"self":[{"href":"https:\/\/emaille-art.com\/en\/wp-json\/wp\/v2\/pages\/875"}],"collection":[{"href":"https:\/\/emaille-art.com\/en\/wp-json\/wp\/v2\/pages"}],"about":[{"href":"https:\/\/emaille-art.com\/en\/wp-json\/wp\/v2\/types\/page"}],"author":[{"embeddable":true,"href":"https:\/\/emaille-art.com\/en\/wp-json\/wp\/v2\/users\/1"}],"replies":[{"embeddable":true,"href":"https:\/\/emaille-art.com\/en\/wp-json\/wp\/v2\/comments?post=875"}],"version-history":[{"count":16,"href":"https:\/\/emaille-art.com\/en\/wp-json\/wp\/v2\/pages\/875\/revisions"}],"predecessor-version":[{"id":5626,"href":"https:\/\/emaille-art.com\/en\/wp-json\/wp\/v2\/pages\/875\/revisions\/5626"}],"wp:attachment":[{"href":"https:\/\/emaille-art.com\/en\/wp-json\/wp\/v2\/media?parent=875"}],"curies":[{"name":"wp","href":"https:\/\/api.w.org\/{rel}","templated":true}]}}