{"id":6069,"date":"2021-07-31T21:14:34","date_gmt":"2021-07-31T19:14:34","guid":{"rendered":"https:\/\/emaille-art.com\/?page_id=6069"},"modified":"2021-12-27T11:21:07","modified_gmt":"2021-12-27T10:21:07","slug":"emailleschild-fioritura","status":"publish","type":"page","link":"https:\/\/emaille-art.com\/en\/kollektionen\/kunsttafeln\/emailleschild-fioritura\/","title":{"rendered":"Emailleschild Ali Lanenga Fioritura"},"content":{"rendered":"<div data-elementor-type=\"wp-page\" data-elementor-id=\"6069\" class=\"elementor elementor-6069\" data-elementor-settings=\"[]\">\n\t\t\t\t\t\t<div class=\"elementor-inner\">\n\t\t\t\t\t\t\t<div class=\"elementor-section-wrap\">\n\t\t\t\t\t\t\t<section class=\"elementor-section elementor-top-section elementor-element elementor-element-5e27cd97 elementor-section-boxed elementor-section-height-default elementor-section-height-default\" data-id=\"5e27cd97\" data-element_type=\"section\">\n\t\t\t\t\t\t<div class=\"elementor-container elementor-column-gap-default\">\n\t\t\t\t\t\t\t<div class=\"elementor-row\">\n\t\t\t\t\t<div class=\"elementor-column elementor-col-50 elementor-top-column elementor-element elementor-element-243a645a\" data-id=\"243a645a\" data-element_type=\"column\">\n\t\t\t<div class=\"elementor-column-wrap elementor-element-populated\">\n\t\t\t\t\t\t\t<div class=\"elementor-widget-wrap\">\n\t\t\t\t\t\t<div class=\"elementor-element elementor-element-4914b33 elementor-arrows-position-inside elementor-pagination-position-outside elementor-widget elementor-widget-image-carousel\" data-id=\"4914b33\" data-element_type=\"widget\" data-settings=\"{&quot;slides_to_show&quot;:&quot;1&quot;,&quot;autoplay_speed&quot;:3000,&quot;navigation&quot;:&quot;both&quot;,&quot;autoplay&quot;:&quot;yes&quot;,&quot;pause_on_hover&quot;:&quot;yes&quot;,&quot;pause_on_interaction&quot;:&quot;yes&quot;,&quot;infinite&quot;:&quot;yes&quot;,&quot;effect&quot;:&quot;slide&quot;,&quot;speed&quot;:500}\" data-widget_type=\"image-carousel.default\">\n\t\t\t\t<div class=\"elementor-widget-container\">\n\t\t\t\t\t<div class=\"elementor-image-carousel-wrapper swiper-container\" dir=\"ltr\">\n\t\t\t<div class=\"elementor-image-carousel swiper-wrapper\">\n\t\t\t\t\t\t\t\t<div class=\"swiper-slide\"><figure class=\"swiper-slide-inner\"><img class=\"swiper-slide-image\" src=\"https:\/\/emaille-art.com\/wp-content\/uploads\/2019\/01\/Fioritura-diag-1000x1000px.jpg\" alt=\"Fioritura diag 1000x1000px\" \/><\/figure><\/div><div class=\"swiper-slide\"><figure class=\"swiper-slide-inner\"><img class=\"swiper-slide-image\" src=\"https:\/\/emaille-art.com\/wp-content\/uploads\/2019\/01\/Fioritura-diag-enlarged-1000x1000px.jpg\" alt=\"Fioritura diag enlarged 1000x1000px\" \/><\/figure><\/div><div class=\"swiper-slide\"><figure class=\"swiper-slide-inner\"><img class=\"swiper-slide-image\" src=\"https:\/\/emaille-art.com\/wp-content\/uploads\/2019\/01\/Fioritura-diag-extra-enlarged-1000x1000px.jpg\" alt=\"Fioritura diag extra enlarged 1000x1000px\" \/><\/figure><\/div><div class=\"swiper-slide\"><figure class=\"swiper-slide-inner\"><img class=\"swiper-slide-image\" src=\"https:\/\/emaille-art.com\/wp-content\/uploads\/2019\/01\/fioritura-white-decor-1000x1000px-1-scaled.jpg\" alt=\"fioritura-white-decor-1000x1000px\" \/><\/figure><\/div>\t\t\t<\/div>\n\t\t\t\t\t\t\t\t\t\t\t\t<div class=\"swiper-pagination\"><\/div>\n\t\t\t\t\t\t\t\t\t\t\t\t\t<div class=\"elementor-swiper-button elementor-swiper-button-prev\">\n\t\t\t\t\t\t<i class=\"eicon-chevron-left\" aria-hidden=\"true\"><\/i>\n\t\t\t\t\t\t<span class=\"elementor-screen-only\">Previous<\/span>\n\t\t\t\t\t<\/div>\n\t\t\t\t\t<div class=\"elementor-swiper-button elementor-swiper-button-next\">\n\t\t\t\t\t\t<i class=\"eicon-chevron-right\" aria-hidden=\"true\"><\/i>\n\t\t\t\t\t\t<span class=\"elementor-screen-only\">Next<\/span>\n\t\t\t\t\t<\/div>\n\t\t\t\t\t\t\t\t\t<\/div>\n\t\t\t\t<\/div>\n\t\t\t\t<\/div>\n\t\t\t\t\t\t<\/div>\n\t\t\t\t\t<\/div>\n\t\t<\/div>\n\t\t\t\t<div class=\"elementor-column elementor-col-50 elementor-top-column elementor-element elementor-element-62a0f60c\" data-id=\"62a0f60c\" data-element_type=\"column\">\n\t\t\t<div class=\"elementor-column-wrap elementor-element-populated\">\n\t\t\t\t\t\t\t<div class=\"elementor-widget-wrap\">\n\t\t\t\t\t\t<div class=\"elementor-element elementor-element-56b8d017 elementor-widget elementor-widget-heading\" data-id=\"56b8d017\" data-element_type=\"widget\" data-widget_type=\"heading.default\">\n\t\t\t\t<div class=\"elementor-widget-container\">\n\t\t\t<h2 class=\"elementor-heading-title elementor-size-default\">Ali Lanenga | Fioritura<\/h2>\t\t<\/div>\n\t\t\t\t<\/div>\n\t\t\t\t<div class=\"elementor-element elementor-element-49b71fc elementor-widget elementor-widget-text-editor\" data-id=\"49b71fc\" data-element_type=\"widget\" data-widget_type=\"text-editor.default\">\n\t\t\t\t<div class=\"elementor-widget-container\">\n\t\t\t\t\t\t\t\t<div class=\"elementor-text-editor elementor-clearfix\">\n\t\t\t\t<p style=\"text-align: left;\"><em>\u20ac 230<\/em><\/p>\t\t\t\t\t<\/div>\n\t\t\t\t\t\t<\/div>\n\t\t\t\t<\/div>\n\t\t\t\t<div class=\"elementor-element elementor-element-773508a3 elementor-widget elementor-widget-text-editor\" data-id=\"773508a3\" data-element_type=\"widget\" data-widget_type=\"text-editor.default\">\n\t\t\t\t<div class=\"elementor-widget-container\">\n\t\t\t\t\t\t\t\t<div class=\"elementor-text-editor elementor-clearfix\">\n\t\t\t\t<p><span style=\"color: #777777;\">Dimensions 38 cm x 30.5 cm, Limited Edition Collection of 50 Panels<\/span><\/p><p>\u00a0<\/p>\t\t\t\t\t<\/div>\n\t\t\t\t\t\t<\/div>\n\t\t\t\t<\/div>\n\t\t\t\t<div class=\"elementor-element elementor-element-61950dd elementor-align-center elementor-widget elementor-widget-button\" data-id=\"61950dd\" data-element_type=\"widget\" data-widget_type=\"button.default\">\n\t\t\t\t<div class=\"elementor-widget-container\">\n\t\t\t\t\t<div class=\"elementor-button-wrapper\">\n\t\t\t<a href=\"https:\/\/www.etsy.com\/de\/listing\/1065673766\/emailleschild-fioritura-dekorativer?ref=shop_home_active_7&#038;frs=1\" target=\"_blank\" class=\"elementor-button-link elementor-button elementor-size-sm\" role=\"button\">\n\t\t\t\t\t\t<span class=\"elementor-button-content-wrapper\">\n\t\t\t\t\t\t<span class=\"elementor-button-text\">Buy Product in our Etsy Store<\/span>\n\t\t<\/span>\n\t\t\t\t\t<\/a>\n\t\t<\/div>\n\t\t\t\t<\/div>\n\t\t\t\t<\/div>\n\t\t\t\t<div class=\"elementor-element elementor-element-0303247 elementor-widget elementor-widget-text-editor\" data-id=\"0303247\" data-element_type=\"widget\" data-widget_type=\"text-editor.default\">\n\t\t\t\t<div class=\"elementor-widget-container\">\n\t\t\t\t\t\t\t\t<div class=\"elementor-text-editor elementor-clearfix\">\n\t\t\t\t<p style=\"text-align: left;\"><strong><span style=\"color: #777777;\">Your message<\/span><\/strong><\/p>\t\t\t\t\t<\/div>\n\t\t\t\t\t\t<\/div>\n\t\t\t\t<\/div>\n\t\t\t\t<div class=\"elementor-element elementor-element-4b58c82 elementor-widget elementor-widget-shortcode\" data-id=\"4b58c82\" data-element_type=\"widget\" data-widget_type=\"shortcode.default\">\n\t\t\t\t<div class=\"elementor-widget-container\">\n\t\t\t\t\t<div class=\"elementor-shortcode\"><div role=\"form\" class=\"wpcf7\" id=\"wpcf7-f5211-o1\" lang=\"en-US\" dir=\"ltr\">\n<div class=\"screen-reader-response\"><p role=\"status\" aria-live=\"polite\" aria-atomic=\"true\"><\/p> <ul><\/ul><\/div>\n<form action=\"\/en\/wp-json\/wp\/v2\/pages\/6069#wpcf7-f5211-o1\" method=\"post\" class=\"wpcf7-form init\" novalidate=\"novalidate\" data-status=\"init\" data-trp-original-action=\"\/en\/wp-json\/wp\/v2\/pages\/6069#wpcf7-f5211-o1\">\n<div style=\"display: none;\">\n<input type=\"hidden\" name=\"_wpcf7\" value=\"5211\" \/>\n<input type=\"hidden\" name=\"_wpcf7_version\" value=\"5.5.2\" \/>\n<input type=\"hidden\" name=\"_wpcf7_locale\" value=\"en_US\" \/>\n<input type=\"hidden\" name=\"_wpcf7_unit_tag\" value=\"wpcf7-f5211-o1\" \/>\n<input type=\"hidden\" name=\"_wpcf7_container_post\" value=\"0\" \/>\n<input type=\"hidden\" name=\"_wpcf7_posted_data_hash\" value=\"\" \/>\n<\/div>\n<div class=\"ova-ctf7-contact-us-page anfrage\">\n<div class=\"name\">\n    <span class=\"wpcf7-form-control-wrap your-name\"><input type=\"text\" name=\"your-name\" value=\"\" size=\"40\" class=\"wpcf7-form-control wpcf7-text wpcf7-validates-as-required\" aria-required=\"true\" aria-invalid=\"false\" placeholder=\"First Name\" \/><\/span>\n<\/div>\n<div class=\"email\">\n     <span class=\"wpcf7-form-control-wrap your-name2\"><input type=\"text\" name=\"your-name2\" value=\"\" size=\"40\" class=\"wpcf7-form-control wpcf7-text wpcf7-validates-as-required\" aria-required=\"true\" aria-invalid=\"false\" placeholder=\"Last Name\" \/><\/span>\n<\/div>\n<div class=\"name\">\n   <span class=\"wpcf7-form-control-wrap your-email\"><input type=\"email\" name=\"your-email\" value=\"\" size=\"40\" class=\"wpcf7-form-control wpcf7-text wpcf7-email wpcf7-validates-as-required wpcf7-validates-as-email\" aria-required=\"true\" aria-invalid=\"false\" placeholder=\"Email*\" \/><\/span>\n<\/div>\n<div class=\"email\">\n         <span class=\"wpcf7-form-control-wrap tel\"><input type=\"text\" name=\"tel\" value=\"\" size=\"40\" class=\"wpcf7-form-control wpcf7-text wpcf7-validates-as-required\" aria-required=\"true\" aria-invalid=\"false\" placeholder=\"Phone Number\" \/><\/span>\n<\/div>\n<div class=\"content\">\n <span class=\"wpcf7-form-control-wrap your-message\"><textarea name=\"your-message\" cols=\"40\" rows=\"10\" class=\"wpcf7-form-control wpcf7-textarea\" aria-invalid=\"false\" placeholder=\"Your message\"><\/textarea><\/span>\n<\/div>\n<div class=\"submit\">\n<input type=\"submit\" value=\"SEND\" class=\"wpcf7-form-control has-spinner wpcf7-submit\" \/>\n<\/div>\n<\/div>\n<div class=\"wpcf7-response-output\" aria-hidden=\"true\"><\/div><input type=\"hidden\" name=\"trp-form-language\" value=\"en\"\/><\/form><\/div><\/div>\n\t\t\t\t<\/div>\n\t\t\t\t<\/div>\n\t\t\t\t\t\t<\/div>\n\t\t\t\t\t<\/div>\n\t\t<\/div>\n\t\t\t\t\t\t\t\t<\/div>\n\t\t\t\t\t<\/div>\n\t\t<\/section>\n\t\t\t\t<section class=\"elementor-section elementor-top-section elementor-element elementor-element-cbd6d0d elementor-section-boxed elementor-section-height-default elementor-section-height-default\" data-id=\"cbd6d0d\" data-element_type=\"section\">\n\t\t\t\t\t\t<div class=\"elementor-container elementor-column-gap-default\">\n\t\t\t\t\t\t\t<div class=\"elementor-row\">\n\t\t\t\t\t<div class=\"elementor-column elementor-col-100 elementor-top-column elementor-element elementor-element-aabf46b\" data-id=\"aabf46b\" data-element_type=\"column\">\n\t\t\t<div class=\"elementor-column-wrap elementor-element-populated\">\n\t\t\t\t\t\t\t<div class=\"elementor-widget-wrap\">\n\t\t\t\t\t\t<div class=\"elementor-element elementor-element-518fa1b elementor-widget-divider--view-line elementor-widget elementor-widget-divider\" data-id=\"518fa1b\" data-element_type=\"widget\" data-widget_type=\"divider.default\">\n\t\t\t\t<div class=\"elementor-widget-container\">\n\t\t\t\t\t<div class=\"elementor-divider\">\n\t\t\t<span class=\"elementor-divider-separator\">\n\t\t\t\t\t\t<\/span>\n\t\t<\/div>\n\t\t\t\t<\/div>\n\t\t\t\t<\/div>\n\t\t\t\t<div class=\"elementor-element elementor-element-6609c3e elementor-widget elementor-widget-text-editor\" data-id=\"6609c3e\" data-element_type=\"widget\" data-widget_type=\"text-editor.default\">\n\t\t\t\t<div class=\"elementor-widget-container\">\n\t\t\t\t\t\t\t\t<div class=\"elementor-text-editor elementor-clearfix\">\n\t\t\t\t<p>Ali Lanenga\u2019s \u201cFioritura\u201d \u2013 in English \u201cBloom\u201d \u2013 was created in 2019. This photo calls to mind recollections of the glow emanating from flowers on a summer evening. The artist, recalling the process of developing the collection, described it as follows: \u201cEvery evening when my children went to sleep, I would go back into the dark-room studio. The memory of every flower remains in my mind. Wrapped in blue sheets, I dipped each flower petal in my chemical process and let the light from the garden come back to life.\u201d<\/p><p>The picture forms an extraordinary artistic bridge. It links directly with the photographic works of Anna Atkins \u2013 the courageous and inspirational pioneer of botanical photography \u2013 and, similarly, with Andy Warhol\u2019s \u201cFlowers\u201d \u2013 a stylized, clear representation of Hibiscus. The image forms a bridge between past and contemporary art and incorporates the style of the 21st century.<\/p><p class=\"MsoNormal\"><span lang=\"DE\">The enamelled art panel was prepared through use of stencilling and screen-printing techniques. The dimensions of the image are 38cm x 30.5cm and it was printed on a 1.5mm thick metal sheet. We explain historical printing techniques in our blog: <a title=\"Bringing \u201cFioritura\u201d to life and lighting it up \u2013 a journey through historical printing techniques\" href=\"https:\/\/emaille-art.com\/en\/2021\/08\/01\/emailschilder\/\">Bringing \u201cFioritura\u201d to life and lighting it up \u2013 a journey through historical printing techniques<\/a>\u00a0<\/span><\/p><p class=\"MsoNormal\"><span lang=\"DE\">Each enamelled art panel was manufactured for Emaille Art by the enamel sign manufacturer <a href=\"https:\/\/www.ernst-schmitt.de\/\" target=\"_blank\" rel=\"noopener\">Ernst Schmitt<\/a> , as a limited-edition collection of 50 pieces.<\/span><\/p>\t\t\t\t\t<\/div>\n\t\t\t\t\t\t<\/div>\n\t\t\t\t<\/div>\n\t\t\t\t<div class=\"elementor-element elementor-element-2121abb elementor-widget-divider--view-line elementor-widget elementor-widget-divider\" data-id=\"2121abb\" data-element_type=\"widget\" data-widget_type=\"divider.default\">\n\t\t\t\t<div class=\"elementor-widget-container\">\n\t\t\t\t\t<div class=\"elementor-divider\">\n\t\t\t<span class=\"elementor-divider-separator\">\n\t\t\t\t\t\t<\/span>\n\t\t<\/div>\n\t\t\t\t<\/div>\n\t\t\t\t<\/div>\n\t\t\t\t\t\t<\/div>\n\t\t\t\t\t<\/div>\n\t\t<\/div>\n\t\t\t\t\t\t\t\t<\/div>\n\t\t\t\t\t<\/div>\n\t\t<\/section>\n\t\t\t\t<section class=\"elementor-section elementor-top-section elementor-element elementor-element-c80d16b elementor-section-boxed elementor-section-height-default elementor-section-height-default\" data-id=\"c80d16b\" data-element_type=\"section\">\n\t\t\t\t\t\t<div class=\"elementor-container elementor-column-gap-default\">\n\t\t\t\t\t\t\t<div class=\"elementor-row\">\n\t\t\t\t\t<div class=\"elementor-column elementor-col-50 elementor-top-column elementor-element elementor-element-b4cced4\" data-id=\"b4cced4\" data-element_type=\"column\">\n\t\t\t<div class=\"elementor-column-wrap elementor-element-populated\">\n\t\t\t\t\t\t\t<div class=\"elementor-widget-wrap\">\n\t\t\t\t\t\t<div class=\"elementor-element elementor-element-9eb0b48 elementor-widget elementor-widget-heading\" data-id=\"9eb0b48\" data-element_type=\"widget\" data-widget_type=\"heading.default\">\n\t\t\t\t<div class=\"elementor-widget-container\">\n\t\t\t<h2 class=\"elementor-heading-title elementor-size-default\">The Artist: Ali Lanenga<\/h2>\t\t<\/div>\n\t\t\t\t<\/div>\n\t\t\t\t<div class=\"elementor-element elementor-element-de7dd9a elementor-widget elementor-widget-text-editor\" data-id=\"de7dd9a\" data-element_type=\"widget\" data-widget_type=\"text-editor.default\">\n\t\t\t\t<div class=\"elementor-widget-container\">\n\t\t\t\t\t\t\t\t<div class=\"elementor-text-editor elementor-clearfix\">\n\t\t\t\t<p>Ali Lanenga has been working since 2014 as a studio artist. She creates and exhibits artwork using traditional darkroom and digital techniques with archival processes. She has over 2,200 images licensed worldwide for use in printed and digital publications. Her clients consist of renowned firms including Marie Claire, Ritz-Carlton\/The Newbury Boston, CVS, Walgreens, as well as Transport for London, and the Doernbecher Children\u2019s Hospital. She taught photography with a focus on alternative process, darkroom photography and digital storytelling at the Crealde School of Art in Florida. In 2019, she received the \u2018Best in Show\u2019 award at the Sandford Art Show. She is represented by Meyer Gallery, Park City, Utah.<\/p>\t\t\t\t\t<\/div>\n\t\t\t\t\t\t<\/div>\n\t\t\t\t<\/div>\n\t\t\t\t\t\t<\/div>\n\t\t\t\t\t<\/div>\n\t\t<\/div>\n\t\t\t\t<div class=\"elementor-column elementor-col-50 elementor-top-column elementor-element elementor-element-588622e\" data-id=\"588622e\" data-element_type=\"column\">\n\t\t\t<div class=\"elementor-column-wrap elementor-element-populated\">\n\t\t\t\t\t\t\t<div class=\"elementor-widget-wrap\">\n\t\t\t\t\t\t<div class=\"elementor-element elementor-element-78e693a elementor-widget elementor-widget-image\" data-id=\"78e693a\" data-element_type=\"widget\" data-widget_type=\"image.default\">\n\t\t\t\t<div class=\"elementor-widget-container\">\n\t\t\t\t\t\t\t\t<div class=\"elementor-image\">\n\t\t\t\t\t\t\t\t\t\t\t\t<img width=\"981\" height=\"1024\" src=\"https:\/\/emaille-art.com\/wp-content\/uploads\/2021\/07\/Ali-Lanenga-artist-981x1024.jpg\" class=\"attachment-large size-large\" alt=\"\" loading=\"lazy\" srcset=\"https:\/\/emaille-art.com\/wp-content\/uploads\/2021\/07\/Ali-Lanenga-artist-981x1024.jpg 981w, https:\/\/emaille-art.com\/wp-content\/uploads\/2021\/07\/Ali-Lanenga-artist-288x300.jpg 288w, https:\/\/emaille-art.com\/wp-content\/uploads\/2021\/07\/Ali-Lanenga-artist-768x801.jpg 768w, https:\/\/emaille-art.com\/wp-content\/uploads\/2021\/07\/Ali-Lanenga-artist-12x12.jpg 12w, https:\/\/emaille-art.com\/wp-content\/uploads\/2021\/07\/Ali-Lanenga-artist.jpg 1150w\" sizes=\"(max-width: 981px) 100vw, 981px\" \/>\t\t\t\t\t\t\t\t\t\t\t\t\t\t<\/div>\n\t\t\t\t\t\t<\/div>\n\t\t\t\t<\/div>\n\t\t\t\t\t\t<\/div>\n\t\t\t\t\t<\/div>\n\t\t<\/div>\n\t\t\t\t\t\t\t\t<\/div>\n\t\t\t\t\t<\/div>\n\t\t<\/section>\n\t\t\t\t<section class=\"elementor-section elementor-top-section elementor-element elementor-element-7a58317 elementor-section-boxed elementor-section-height-default elementor-section-height-default\" data-id=\"7a58317\" data-element_type=\"section\">\n\t\t\t\t\t\t<div class=\"elementor-container elementor-column-gap-default\">\n\t\t\t\t\t\t\t<div class=\"elementor-row\">\n\t\t\t\t\t<div class=\"elementor-column elementor-col-100 elementor-top-column elementor-element elementor-element-4a91cd1\" data-id=\"4a91cd1\" data-element_type=\"column\">\n\t\t\t<div class=\"elementor-column-wrap elementor-element-populated\">\n\t\t\t\t\t\t\t<div class=\"elementor-widget-wrap\">\n\t\t\t\t\t\t<div class=\"elementor-element elementor-element-ec75dbb elementor-widget-divider--view-line elementor-widget elementor-widget-divider\" data-id=\"ec75dbb\" data-element_type=\"widget\" data-widget_type=\"divider.default\">\n\t\t\t\t<div class=\"elementor-widget-container\">\n\t\t\t\t\t<div class=\"elementor-divider\">\n\t\t\t<span class=\"elementor-divider-separator\">\n\t\t\t\t\t\t<\/span>\n\t\t<\/div>\n\t\t\t\t<\/div>\n\t\t\t\t<\/div>\n\t\t\t\t<div class=\"elementor-element elementor-element-43d65bf elementor-widget elementor-widget-text-editor\" data-id=\"43d65bf\" data-element_type=\"widget\" data-widget_type=\"text-editor.default\">\n\t\t\t\t<div class=\"elementor-widget-container\">\n\t\t\t\t\t\t\t\t<div class=\"elementor-text-editor elementor-clearfix\">\n\t\t\t\t<p><em>Emaille Art showcases its products on major, curated online marketplaces that specialise in displaying art and decorative accessories. You can find our products on <a href=\"https:\/\/www.chairish.com\/shop\/emailleart\">Chairish<\/a>, <a href=\"https:\/\/www.etsy.com\/de\/shop\/EmailleArtDesign?ref=simple-shop-header-name&amp;listing_id=1065673766\">Etsy<\/a> and <a href=\"https:\/\/premizez.com\/emaille-art\">Premizez<\/a>. If you wish to purchase a product there, please select the \u201cBuy product\u201d option provided on this webpage or in our store. You can also email us from this webpage if you have a query, or if you prefer to directly get in contact to place an order. We greatly appreciate communicating with our customers and we will endeavour to respond to you as quickly as we can.<\/em><\/p>\t\t\t\t\t<\/div>\n\t\t\t\t\t\t<\/div>\n\t\t\t\t<\/div>\n\t\t\t\t<div class=\"elementor-element elementor-element-6c0333b elementor-widget-divider--view-line elementor-widget elementor-widget-divider\" data-id=\"6c0333b\" data-element_type=\"widget\" data-widget_type=\"divider.default\">\n\t\t\t\t<div class=\"elementor-widget-container\">\n\t\t\t\t\t<div class=\"elementor-divider\">\n\t\t\t<span class=\"elementor-divider-separator\">\n\t\t\t\t\t\t<\/span>\n\t\t<\/div>\n\t\t\t\t<\/div>\n\t\t\t\t<\/div>\n\t\t\t\t\t\t<\/div>\n\t\t\t\t\t<\/div>\n\t\t<\/div>\n\t\t\t\t\t\t\t\t<\/div>\n\t\t\t\t\t<\/div>\n\t\t<\/section>\n\t\t\t\t\t\t<\/div>\n\t\t\t\t\t\t<\/div>\n\t\t\t\t\t<\/div>","protected":false},"excerpt":{"rendered":"<p>Zur\u00fcck Weiter Ali Lanenga | Fioritura \u20ac 230 Gr\u00f6\u00dfe 38 cm x 30,5 cm, limitierte Auflage von 50 St\u00fcck \u00a0 Zum Einkauf im Etsy Shop Anfrage Ali Lanengas \u201eFioritura\u201c \u2013 auf Deutsch \u201eBl\u00fcte\u201c \u2013 entstand 2019.\u00a0 Das Foto ruft Erinnerungen an das Leuchten von Bl\u00fcten in einer Sommernacht wach. Die K\u00fcnstlerin beschreibt den Prozess der [&hellip;]<\/p>","protected":false},"author":3,"featured_media":0,"parent":5011,"menu_order":10,"comment_status":"closed","ping_status":"closed","template":"elementor_header_footer","meta":[],"_links":{"self":[{"href":"https:\/\/emaille-art.com\/en\/wp-json\/wp\/v2\/pages\/6069"}],"collection":[{"href":"https:\/\/emaille-art.com\/en\/wp-json\/wp\/v2\/pages"}],"about":[{"href":"https:\/\/emaille-art.com\/en\/wp-json\/wp\/v2\/types\/page"}],"author":[{"embeddable":true,"href":"https:\/\/emaille-art.com\/en\/wp-json\/wp\/v2\/users\/3"}],"replies":[{"embeddable":true,"href":"https:\/\/emaille-art.com\/en\/wp-json\/wp\/v2\/comments?post=6069"}],"version-history":[{"count":86,"href":"https:\/\/emaille-art.com\/en\/wp-json\/wp\/v2\/pages\/6069\/revisions"}],"predecessor-version":[{"id":7026,"href":"https:\/\/emaille-art.com\/en\/wp-json\/wp\/v2\/pages\/6069\/revisions\/7026"}],"up":[{"embeddable":true,"href":"https:\/\/emaille-art.com\/en\/wp-json\/wp\/v2\/pages\/5011"}],"wp:attachment":[{"href":"https:\/\/emaille-art.com\/en\/wp-json\/wp\/v2\/media?parent=6069"}],"curies":[{"name":"wp","href":"https:\/\/api.w.org\/{rel}","templated":true}]}}